{"id":21652,"date":"2026-01-24T00:00:52","date_gmt":"2026-01-24T00:00:52","guid":{"rendered":"https:\/\/www.rulondas.com.ar\/?post_type=product&#038;p=21652"},"modified":"2026-03-09T02:42:57","modified_gmt":"2026-03-09T02:42:57","slug":"clase-diseno-de-corte-redondo-volumen-superior","status":"publish","type":"product","link":"https:\/\/www.rulondas.com.ar\/es\/producto\/clase-diseno-de-corte-redondo-volumen-superior\/","title":{"rendered":"Dise\u00f1o de Corte redondo + Volumen Superior"},"content":{"rendered":"<p><span style=\"font-weight: 400;\">Aprende a dise\u00f1ar cortes naturales.<\/span><\/p>\n<p><span style=\"font-weight: 400;\">Adquir\u00ed las t\u00e9cnicas del m\u00e9todo Rulondas y sent\u00ed seguridad y confianza para cortar sobre cabellos lacios, rulos y ondas.<\/span><\/p>","protected":false},"excerpt":{"rendered":"<p>Aprend\u00e9 a dominar la geometr\u00eda circular y el control del peso. Una clase t\u00e9cnica enfocada en crear formas suaves, equilibradas y con un volumen distribuido de manera org\u00e1nica en toda la cabellera.<\/p>","protected":false},"featured_media":21476,"comment_status":"open","ping_status":"closed","template":"","meta":{"_kad_post_transparent":"default","_kad_post_title":"","_kad_post_layout":"default","_kad_post_sidebar_id":"","_kad_post_content_style":"default","_kad_post_vertical_padding":"default","_kad_post_feature":"","_kad_post_feature_position":"","_kad_post_header":false,"_kad_post_footer":false,"_kad_post_classname":""},"product_brand":[],"product_cat":[122],"product_tag":[],"class_list":{"0":"post-21652","1":"product","2":"type-product","3":"status-publish","4":"has-post-thumbnail","6":"product_cat-clases","8":"first","9":"instock","10":"virtual","11":"product-type-simple","12":"entry","13":"content-bg","14":"loop-entry"},"_links":{"self":[{"href":"https:\/\/www.rulondas.com.ar\/es\/wp-json\/wp\/v2\/product\/21652","targetHints":{"allow":["GET"]}}],"collection":[{"href":"https:\/\/www.rulondas.com.ar\/es\/wp-json\/wp\/v2\/product"}],"about":[{"href":"https:\/\/www.rulondas.com.ar\/es\/wp-json\/wp\/v2\/types\/product"}],"replies":[{"embeddable":true,"href":"https:\/\/www.rulondas.com.ar\/es\/wp-json\/wp\/v2\/comments?post=21652"}],"version-history":[{"count":1,"href":"https:\/\/www.rulondas.com.ar\/es\/wp-json\/wp\/v2\/product\/21652\/revisions"}],"predecessor-version":[{"id":22581,"href":"https:\/\/www.rulondas.com.ar\/es\/wp-json\/wp\/v2\/product\/21652\/revisions\/22581"}],"wp:featuredmedia":[{"embeddable":true,"href":"https:\/\/www.rulondas.com.ar\/es\/wp-json\/wp\/v2\/media\/21476"}],"wp:attachment":[{"href":"https:\/\/www.rulondas.com.ar\/es\/wp-json\/wp\/v2\/media?parent=21652"}],"wp:term":[{"taxonomy":"product_brand","embeddable":true,"href":"https:\/\/www.rulondas.com.ar\/es\/wp-json\/wp\/v2\/product_brand?post=21652"},{"taxonomy":"product_cat","embeddable":true,"href":"https:\/\/www.rulondas.com.ar\/es\/wp-json\/wp\/v2\/product_cat?post=21652"},{"taxonomy":"product_tag","embeddable":true,"href":"https:\/\/www.rulondas.com.ar\/es\/wp-json\/wp\/v2\/product_tag?post=21652"}],"curies":[{"name":"wp","href":"https:\/\/api.w.org\/{rel}","templated":true}]}}