{"id":21646,"date":"2026-01-23T23:54:02","date_gmt":"2026-01-23T23:54:02","guid":{"rendered":"https:\/\/www.rulondas.com.ar\/?post_type=product&#038;p=21646"},"modified":"2026-03-09T02:41:50","modified_gmt":"2026-03-09T02:41:50","slug":"clase-diseno-de-corte-armonia","status":"publish","type":"product","link":"https:\/\/www.rulondas.com.ar\/es\/producto\/clase-diseno-de-corte-armonia\/","title":{"rendered":"Dise\u00f1o de Corte Armon\u00eda"},"content":{"rendered":"<p><span style=\"font-weight: 400;\">Aprende a dise\u00f1ar cortes naturales.<\/span><\/p>\n<p><span style=\"font-weight: 400;\">Adquir\u00ed las t\u00e9cnicas del m\u00e9todo Rulondas y sent\u00ed seguridad y confianza para cortar sobre cabellos lacios, rulos y ondas.<\/span><\/p>","protected":false},"excerpt":{"rendered":"<p>Un corte dise\u00f1ado para resaltar la expresi\u00f3n natural del cabello con movimiento y definici\u00f3n. La opci\u00f3n ideal para quienes buscan un look controlado, con poco volumen y versatilidad total en el peinado.<\/p>","protected":false},"featured_media":21474,"comment_status":"open","ping_status":"closed","template":"","meta":{"_kad_post_transparent":"default","_kad_post_title":"","_kad_post_layout":"default","_kad_post_sidebar_id":"","_kad_post_content_style":"default","_kad_post_vertical_padding":"default","_kad_post_feature":"","_kad_post_feature_position":"","_kad_post_header":false,"_kad_post_footer":false,"_kad_post_classname":""},"product_brand":[],"product_cat":[122],"product_tag":[],"class_list":{"0":"post-21646","1":"product","2":"type-product","3":"status-publish","4":"has-post-thumbnail","6":"product_cat-clases","8":"first","9":"instock","10":"sale","11":"virtual","12":"purchasable","13":"product-type-simple","14":"entry","15":"content-bg","16":"loop-entry"},"_links":{"self":[{"href":"https:\/\/www.rulondas.com.ar\/es\/wp-json\/wp\/v2\/product\/21646","targetHints":{"allow":["GET"]}}],"collection":[{"href":"https:\/\/www.rulondas.com.ar\/es\/wp-json\/wp\/v2\/product"}],"about":[{"href":"https:\/\/www.rulondas.com.ar\/es\/wp-json\/wp\/v2\/types\/product"}],"replies":[{"embeddable":true,"href":"https:\/\/www.rulondas.com.ar\/es\/wp-json\/wp\/v2\/comments?post=21646"}],"version-history":[{"count":1,"href":"https:\/\/www.rulondas.com.ar\/es\/wp-json\/wp\/v2\/product\/21646\/revisions"}],"predecessor-version":[{"id":22578,"href":"https:\/\/www.rulondas.com.ar\/es\/wp-json\/wp\/v2\/product\/21646\/revisions\/22578"}],"wp:featuredmedia":[{"embeddable":true,"href":"https:\/\/www.rulondas.com.ar\/es\/wp-json\/wp\/v2\/media\/21474"}],"wp:attachment":[{"href":"https:\/\/www.rulondas.com.ar\/es\/wp-json\/wp\/v2\/media?parent=21646"}],"wp:term":[{"taxonomy":"product_brand","embeddable":true,"href":"https:\/\/www.rulondas.com.ar\/es\/wp-json\/wp\/v2\/product_brand?post=21646"},{"taxonomy":"product_cat","embeddable":true,"href":"https:\/\/www.rulondas.com.ar\/es\/wp-json\/wp\/v2\/product_cat?post=21646"},{"taxonomy":"product_tag","embeddable":true,"href":"https:\/\/www.rulondas.com.ar\/es\/wp-json\/wp\/v2\/product_tag?post=21646"}],"curies":[{"name":"wp","href":"https:\/\/api.w.org\/{rel}","templated":true}]}}